{"id":8399,"date":"2024-04-01T14:42:03","date_gmt":"2024-04-01T12:42:03","guid":{"rendered":"https:\/\/www.ccdneamt.ro\/new\/?page_id=8399"},"modified":"2024-04-08T09:50:20","modified_gmt":"2024-04-08T07:50:20","slug":"inscriere-online-oferta-de-programe-de-formare-continua-pentru-anul-scolar-2023-2024","status":"publish","type":"page","link":"https:\/\/www.ccdneamt.ro\/new\/inscriere-online-oferta-de-programe-de-formare-continua-pentru-anul-scolar-2023-2024\/","title":{"rendered":"\u00ceNSCRIERE ONLINE ~ OFERTA DE PROGRAME DE FORMARE CONTINU\u0102 pentru anul \u015fcolar 2023 ~ 2024"},"content":{"rendered":"<h6 class=\"wp-block-heading has-text-align-center has-vivid-cyan-blue-color has-pale-ocean-gradient-background has-text-color has-background has-link-color wp-elements-6d874d72e7d1a5a3a197dd32d4c7fd4b\"><strong>PROGRAME PRIORITARE ALE MINISTERULUI EDUCA\u021aIEI<\/strong><\/h6>\n<ul class=\"wp-block-list\">\n<li><a href=\"https:\/\/forms.gle\/NpRYEkSVdWoXx3m79\">Abilitarea curricular\u0103 a cadrelor didactice din \u00eenv\u0103\u0163\u0103m\u00e2ntul primar pentru clasa preg\u0103titoare<\/a><\/li>\n<li><a href=\"https:\/\/forms.gle\/uaYLUweyDMi3kELh8\">Definitivat 2024<\/a><\/li>\n<li><a href=\"https:\/\/forms.gle\/6djy8JRAFpifVsPU7\">Metodist al I.\u0218.J. Neam\u021b<\/a><\/li>\n<li><a href=\"https:\/\/forms.gle\/6PYWa8DaZFJ4Wc4E6\">Stagiu de formare pentru profesorii cu statut de suplinitor \u00een vederea particip\u0103rii la sus\u021binerea concursuluui na\u021bional de ocupare a posturilor vacante<\/a><\/li>\n<li><a href=\"https:\/\/forms.gle\/ammPf3Fg5jXReo476\">Program pentru cadrele didactice care fac parte din comisii de organizare \u015fi desf\u0103\u015furare a probelor \u00een profilul posturilor \u0219i a inspec\u021biilor speciale la clas\u0103<\/a><\/li>\n<li><a href=\"https:\/\/forms.gle\/aNDfKV5poMTee1Cr7\">Dezvoltarea competen\u0163elor de evaluare a cadrelor didactice pentru examenul de definitivare \u00een \u00eenv\u0103\u0163\u0103m\u00e2nt \u015fi pentru concursul na\u0163ional pentru ocuparea posturilor\/catedrelor declarate vacante\/rezervate \u00een unit\u0103\u0163ile de \u00eenv\u0103\u0163\u0103m\u00e2nt preuniversitar<\/a><\/li>\n<li><a href=\"https:\/\/forms.gle\/r2JWQ7ereMVmj3qa7\">Limba rromani \u00een context intercultural<\/a><\/li>\n<li><a href=\"https:\/\/forms.gle\/3ACtNBb8nUfBHG737\">Rromanipen-ul \u2013 Legea pe care se bazeaz\u0103 cultura \u0219i tradi\u021biile rromilorhttps:\/\/forms.gle\/3ACtNBb8nUfBHG737<\/a><\/li>\n<li><a href=\"https:\/\/forms.gle\/pWwVU5E4YXNiD3Ay9\">Istoria \u0219i tradi\u021biile rromilor<\/a><\/li>\n<\/ul>\n<h6 class=\"wp-block-heading has-text-align-center has-vivid-cyan-blue-color has-pale-ocean-gradient-background has-text-color has-background has-link-color wp-elements-4d14f36c49a95c19e0141ecb1160fdf2\"><a><strong>DIDACTICA SPECIALIT\u0102\u0162II<\/strong><\/a><\/h6>\n<ul class=\"wp-block-list\">\n<li><a href=\"https:\/\/forms.gle\/rrjfffsJz3ygxtf5A\">Creearea \u0219i utilizarea de Resurse Educa\u021bionale Deschise \u00een procesul instructiv educativ de predare- \u00eenv\u0103\u021bare- evaluare<\/a><\/li>\n<li><a href=\"https:\/\/forms.gle\/AqRt2bvh8qr17fmo7\">Educa\u021bia socio-emo\u021bional\u0103, parte&nbsp; integrant\u0103 a procesului educa\u0163ional din gr\u0103dini\u0163\u0103<\/a><\/li>\n<li><a href=\"https:\/\/forms.gle\/7d6skYm17wQgHMp4A\">Metode inovative \u0219i interactive de predare-\u00eenv\u0103\u021bare-evaluare<\/a><\/li>\n<li><a href=\"https:\/\/forms.gle\/Ppp6uUCJsVm464Eh7\">Metode didactice \u0219i mijloace de \u00eenv\u0103\u021b\u0103m\u00e2nt folosite \u00een \u00eenv\u0103\u021b\u0103m\u00e2ntul profesional \u0219i tehnic<\/a><\/li>\n<li><a href=\"https:\/\/forms.gle\/g9C5pTjd3XmuVT8z8\">Start \u00een aventura cunoa\u0219terii Universului<\/a><\/li>\n<li><a href=\"https:\/\/forms.gle\/dH2UP77avwHEvD5e9\">Modul specific de formare profesional\u0103 privind educa\u021bia timpurie<\/a><\/li>\n<li><a href=\"https:\/\/forms.gle\/XLiH26M1adCXU9ee8\">Mentorat didactic<\/a><\/li>\n<li><a href=\"https:\/\/forms.gle\/DxMvtFb4yVHCCH8Q8\">Mentoratul de Practic\u0103 Pedagogic\u0103<\/a><\/li>\n<li><a href=\"https:\/\/forms.gle\/2FeWzTm1eZKo4TgaA\">C.D.\u0218. &#8211; O provocare semnificativ\u0103 pentru managementul \u0219colar<\/a><\/li>\n<li><a href=\"https:\/\/forms.gle\/uQoYY5v2ACd69YwDA\">Designul lec\u021biei digitale<\/a><\/li>\n<li><a href=\"https:\/\/forms.gle\/oHNCAZzkVn1QG8qR7\">Predarea interactiv\u0103 centrat\u0103 pe elev<\/a><\/li>\n<li><a href=\"https:\/\/forms.gle\/3q4Bi7dBe7KoNCXF7\">Abord\u0103ri metodologice STE(A)M \u00een \u00eenv\u0103\u0163\u0103m\u00e2nt<\/a><\/li>\n<li><a href=\"https:\/\/forms.gle\/uMQJDcbc5J7Q1bgY7\">\u00cenv\u0103\u0163area bazat\u0103 pe proiecte \u2013 metod\u0103 de abordare \u00een educa\u0163ie<\/a><\/li>\n<\/ul>\n<h6 class=\"wp-block-heading has-text-align-center has-vivid-cyan-blue-color has-pale-ocean-gradient-background has-text-color has-background has-link-color wp-elements-fd7e9a8bfbd86e5cfbb2f95e7cb62a78\"><strong>MANAGEMENT EDUCA\u0162IONAL \/ INSTITU\u0162IONAL<\/strong><\/h6>\n<ul class=\"wp-block-list\">\n<li><a href=\"https:\/\/forms.gle\/8xz1TRUXkmky23iy8\">Management sau leadership \u00een \u00eenv\u0103\u021b\u0103m\u00e2ntul preuniversitar<\/a><\/li>\n<li><a href=\"https:\/\/forms.gle\/aPbz3gsYoL9XHAc9A\">Leadership \u0219i management educa\u021bional<\/a><\/li>\n<li><a href=\"https:\/\/forms.gle\/NyNPHgwB8TJFAJL66\">Managementul institu\u021biilor de \u00eenv\u0103\u021b\u0103m\u00e2nt preuniversitar, de la teorie la proiectare<\/a><\/li>\n<li><a href=\"https:\/\/forms.gle\/pG44CJn9T4LkwW8M9\">Consolidarea competen\u021belor manageriale ale directorilor de institu\u021bii de \u00eenv\u0103\u021b\u0103m\u00e2nt preuniversitar<\/a><\/li>\n<li><a href=\"https:\/\/forms.gle\/r6CFKcGmdk3P2prX6\">Managementul&nbsp; situa\u021biilor de criz\u0103 \u00een clasa de elevi<\/a><\/li>\n<li><a href=\"https:\/\/forms.gle\/hqPoArDVScGYwE4J8\">Management educativ, activ-participativ \u00een institu\u021biile de \u00eenv\u0103\u021b\u0103m\u00e2nt<\/a><\/li>\n<\/ul>\n<h6 class=\"wp-block-heading has-text-align-center has-vivid-cyan-blue-color has-pale-ocean-gradient-background has-text-color has-background has-link-color wp-elements-f107d8a66cb67ea76fde025707651c49\"><strong>MANAGEMENT DE PROIECT<\/strong><\/h6>\n<ul class=\"wp-block-list\">\n<li><a href=\"https:\/\/forms.gle\/5qkM9bmqPyMYfqvN9\">Elaborarea \u0219i managementul proiectelor educa\u021bionale<\/a><\/li>\n<li><a href=\"https:\/\/forms.gle\/DzohvuDEz8Wa8H886\">Management integrat de proiect &#8211; MIP<\/a><\/li>\n<\/ul>\n<h6 class=\"wp-block-heading has-text-align-center has-vivid-cyan-blue-color has-text-color has-background has-link-color wp-elements-68310c2eacbd2779c39bb8d86d7fbea8\" style=\"background:linear-gradient(90deg,rgb(255,245,203) 0%,rgb(182,227,212) 50%,rgb(51,167,181) 100%)\"><strong>TIC \u015eI UTILIZAREA CALCULATORULUI<\/strong><\/h6>\n<ul class=\"wp-block-list\">\n<li><a href=\"https:\/\/forms.gle\/TuwbobL7GqM7bYjV6\">Utilizarea instrumentelor digitale pentru reducerea abandonului \u015fcolar<\/a><\/li>\n<li><a href=\"https:\/\/forms.gle\/vsAf8be2sR1SULJ87\">Instrumente online utile \u00een educa\u0163ie<\/a><\/li>\n<li><a href=\"https:\/\/forms.gle\/TYat6D4ayDTYBbuFA\">Activit\u0103\u021bi de baz\u0103 \u00een EXCEL<\/a><\/li>\n<li><a href=\"https:\/\/forms.gle\/8TTvXVCKwUNFWUts7\">Contexte \u0219i solu\u021bii \u00een educa\u021bia digital\u0103<\/a><\/li>\n<li><a href=\"https:\/\/forms.gle\/8pSX6859ESrW2vDc6\">Tehnologii&nbsp; digitale pentru o educa\u021bie modern\u0103<\/a><\/li>\n<li><a href=\"https:\/\/forms.gle\/zfxKV3mf1UzMHqZeA\">Competen\u0163e TIC \u00een activitatea personalului didactic de predare \u00een unit\u0103\u021bile de \u00eenv\u0103\u021b\u0103m\u00e2nt preuniversitar<\/a><\/li>\n<li><a href=\"https:\/\/forms.gle\/XXkpPqw8ajzxzynY8\">Competen\u0163e digitale de utilizare a instrumentelor vizuale \u00een activit\u0103\u021bile din institu\u021biile de \u00eenv\u0103\u021b\u0103m\u00e2nt<\/a><\/li>\n<li><a href=\"https:\/\/forms.gle\/NZg65fZdeXC7sob16\">Utilizarea platformelor educa\u021bionale \u00een activitatea didactic\u0103<\/a><\/li>\n<\/ul>\n<h6 class=\"wp-block-heading has-text-align-center has-vivid-cyan-blue-color has-pale-ocean-gradient-background has-text-color has-background has-link-color wp-elements-4fef2b2fa0636134725121a31616c8bb\"><a><strong>EDUCA\u0162IE PENTRU EGALITATEA DE \u015eANSE<\/strong><\/a><\/h6>\n<ul class=\"wp-block-list\">\n<li><a href=\"https:\/\/forms.gle\/62VoGvii6ddta1sN8\">Integrarea copiilor cu CES \u00een \u00eenv\u0103\u021b\u0103m\u00e2ntul de mas\u0103<\/a><\/li>\n<li><a href=\"https:\/\/forms.gle\/4kr8SzTMFVNpnkpa8\">Adaptarea \u0219colar\u0103 a elevilor proveni\u021bi din medii defavorizate<\/a><\/li>\n<li><a href=\"https:\/\/forms.gle\/7gbL1gVBehiUeXbi6\">Egalitatea de \u0219anse \u0219i integrarea copiilor cu CES<\/a><\/li>\n<li><a href=\"https:\/\/forms.gle\/ZXy8x6CAbroa5HUE7\">Abordarea integrat\u0103 a copiilor\/elevilor cu C.E.S<\/a><\/li>\n<li><a href=\"https:\/\/forms.gle\/EDa7qDRF4WppGEiL9\">Diversitate \u0219i incluziune \u00een educa\u021bie<\/a><\/li>\n<li><a href=\"https:\/\/forms.gle\/9DbUahSdNBNosh5Q7\">Metode alternative de educa\u0163ie pentru prevenirea violen\u0163ei \u00een \u015fcoal\u0103<\/a><\/li>\n<li><a href=\"https:\/\/forms.gle\/PEhjYCGwq8DdUjAB8\">Perspective fundamentale asupra egalit\u0103\u021bii de \u0219anse<\/a><\/li>\n<li><a href=\"https:\/\/forms.gle\/k7H8MhJh3J4E9rbf9\">\u00cempreun\u0103 \u00eempotriva bulliyng-ului \u0219i a violen\u021bei \u00een \u0219coal\u0103<\/a><\/li>\n<\/ul>\n<h6 class=\"wp-block-heading has-text-align-center has-vivid-cyan-blue-color has-pale-ocean-gradient-background has-text-color has-background has-link-color wp-elements-bf48c03eb5f71254a12fdc25c36fc296\"><strong>TEHNICI DOCUMENTARE \u00ceN C.D.I.<\/strong><\/h6>\n<ul class=\"wp-block-list\">\n<li><a href=\"https:\/\/forms.gle\/G7asBCuxqby7naFw8\">Noile educa\u021bii \u00een activit\u0103\u021bile specifice CDI<\/a><\/li>\n<\/ul>\n<h6 class=\"wp-block-heading has-text-align-center has-vivid-cyan-blue-color has-pale-ocean-gradient-background has-text-color has-background has-link-color wp-elements-bb002fa6d9aa23df2cabc2eab07e9e25\"><strong>EDUCA\u0162IE INTERCULTURAL\u0102<\/strong><\/h6>\n<ul class=\"wp-block-list\">\n<li><a href=\"https:\/\/forms.gle\/EYRARtbwPeS33mtE8\">Formarea competen\u021belor interculturale<\/a><\/li>\n<\/ul>\n<h6 class=\"wp-block-heading has-text-align-center has-vivid-cyan-blue-color has-pale-ocean-gradient-background has-text-color has-background has-link-color wp-elements-ca6f693ab900c65f77c76c037cecf410\"><strong>EDUCA\u021aIE DURABIL\u0102<\/strong><\/h6>\n<ul class=\"wp-block-list\">\n<li><a href=\"https:\/\/forms.gle\/fMXzZqQ2GXoKgLZy8\">Educa\u0163ia pentru mediu \u2013 modalit\u0103\u0163i de realizare<\/a><\/li>\n<li><a href=\"https:\/\/forms.gle\/gSPRJcmcyrZS6Jzr6\">Dezvoltarea durabil\u0103. Abilit\u0103\u021bi \u0219i strategii educa\u021bionale<\/a><\/li>\n<\/ul>\n<h6 class=\"wp-block-heading has-text-align-center has-vivid-cyan-blue-color has-pale-ocean-gradient-background has-text-color has-background has-link-color wp-elements-f816eed845ce8fb6196bf9e785034bac\"><strong>ALTE&nbsp; PROGRAME &#8211; EDUCA\u0162IE&nbsp; PENTRU&nbsp; S\u0102N\u0102TATE<\/strong><\/h6>\n<ul class=\"wp-block-list\">\n<li><a href=\"https:\/\/forms.gle\/3WZ7XX3wdubbyY5a9\">Alimenta\u021bia \u0219i activitatea fizic\u0103, componente ale unui stil de via\u021b\u0103 s\u0103n\u0103tos<\/a><\/li>\n<li><a href=\"https:\/\/forms.gle\/D7e2KPiS7tqaSCPi7\">Igiena \u2013 riscuri \u0219i prevenire<\/a><\/li>\n<\/ul>\n<h6 class=\"wp-block-heading has-text-align-center has-vivid-cyan-blue-color has-pale-ocean-gradient-background has-text-color has-background has-link-color wp-elements-49cc0c82259724d956d958d12f36c3b8\"><a><strong>ALTE&nbsp; PROGRAME \u2013 PSIHOPEDAGOGIE<\/strong><\/a><\/h6>\n<ul class=\"wp-block-list\">\n<li><a href=\"https:\/\/forms.gle\/2iJucfbpbfCt8kr38\">Reducerea abandonului \u0219colar prin activit\u0103\u021bi outdoor<\/a><\/li>\n<li><a href=\"https:\/\/forms.gle\/6tXqyM21UudVBWQR6\">Comunicarea eficient\u0103 \u00een cadrul organiza\u021biei \u0219colare<\/a><\/li>\n<li><a href=\"https:\/\/forms.gle\/TTaPbwswmV1w3zDy8\">Educa\u0163ia \u00eempotriva discrimin\u0103rii<\/a><\/li>\n<li><a href=\"https:\/\/forms.gle\/odNa5TqfEYBEKRbE9\">Prevenirea \u015fi diminuarea abandonului \u015fcolar<\/a><\/li>\n<li><a href=\"https:\/\/forms.gle\/ZjbYeqDBqFNKSwNt7\">Consilierul de etic\u0103 la nivelul unit\u0103\u021bii de \u00eenv\u0103\u021b\u0103m\u00e2nt<\/a><\/li>\n<li><a href=\"https:\/\/forms.gle\/Cm63KjNLsDC2CuqH6\">Documente \u0219i instrumente de lucru \u00een abordarea elevilor cu C.E.S.<\/a><\/li>\n<li><a href=\"https:\/\/forms.gle\/QpYXkWtJDT9x1g2h8\">Strategii pentru prevenirea bullying-ului \u00een \u0219coal\u0103<\/a><\/li>\n<li><a href=\"https:\/\/forms.gle\/Kr398GcF33cP2phj9\">Profesorul \u2013 promotor al reu\u0219itei \u0219colare<\/a><\/li>\n<li><a href=\"https:\/\/forms.gle\/9SYgQ23F9BRREKR16\">Promovarea rezilien\u021bei \u00een \u0219coal\u0103<\/a><\/li>\n<\/ul>\n<h6 class=\"wp-block-heading has-text-align-center has-vivid-cyan-blue-color has-pale-ocean-gradient-background has-text-color has-background has-link-color wp-elements-32c6187d586cb3af967b1a2fd07cf589\"><strong>ALTE PROGRAME &#8211; EDUCA\u0162IA ADUL\u0162ILOR<\/strong><\/h6>\n<ul class=\"wp-block-list\">\n<li><a href=\"https:\/\/forms.gle\/Kg5KmKNuZjf3VVst7\">A doua \u0219ans\u0103<\/a><\/li>\n<li><a href=\"https:\/\/forms.gle\/fEFjXBPcMjLD9uH88\">Strategii de consiliere educa\u021bional\u0103 a p\u0103rin\u021bilor<\/a><\/li>\n<li><a href=\"https:\/\/forms.gle\/myTXtmiC2z2urReA7\">Profesor \u0219i p\u0103rinte \u00eempreun\u0103 pentru reu\u0219itele copilului<\/a><\/li>\n<li><a href=\"https:\/\/forms.gle\/gMwnCv5xtS5ihFaFA\">Tehnici de lucru Origami \u0219i Quilling<\/a><\/li>\n<li><a href=\"https:\/\/forms.gle\/dWWtrESotNzsF9Vb6\">Educa\u021bia p\u0103rin\u021bilor<\/a><\/li>\n<li><a href=\"https:\/\/forms.gle\/PFWBjosk7kUabpcZA\">Formarea profesional\u0103 continu\u0103 \u00een context digitalizat<\/a><\/li>\n<\/ul>\n<h6 class=\"wp-block-heading has-text-align-center has-vivid-cyan-blue-color has-pale-ocean-gradient-background has-text-color has-background has-link-color wp-elements-0f2104f616c476368efee2d65845da28\"><strong>ALTE PROGRAME &#8211; LIMBI STR\u0102INE<\/strong><\/h6>\n<ul class=\"wp-block-list\">\n<li><a href=\"https:\/\/forms.gle\/upWenC5scMa8rymK7\">Curs de limba francez\u0103 pentru personalul din \u00eenv\u0103\u021b\u0103m\u00e2ntul preuniversitar (nivel A2, A2+)<\/a><\/li>\n<\/ul>\n<h6 class=\"wp-block-heading has-text-align-center has-vivid-cyan-blue-color has-pale-ocean-gradient-background has-text-color has-background has-link-color wp-elements-aff931dfe67913189ad39a9d1dd571c3\"><strong>ALTE PROGRAME \u2013 EXTRACURRICULARE<\/strong><\/h6>\n<ul class=\"wp-block-list\">\n<li><a href=\"https:\/\/forms.gle\/927EH887u1MuBEza9\">Introducere \u00een programul \u201eMaking Choices<\/a><\/li>\n<li><a href=\"https:\/\/forms.gle\/metxb2PTRe98i6RE9\">Educa\u021bia prin activit\u0103\u021bile extracurriculare<\/a><\/li>\n<li><a href=\"https:\/\/forms.gle\/V3JebWBsmqmjWgDz6\">Patrimoniul muzeal \u2013 mijloc de instruire \u00een educa\u021bie<\/a><\/li>\n<\/ul>\n<h6 class=\"wp-block-heading has-text-align-center has-vivid-cyan-blue-color has-pale-ocean-gradient-background has-text-color has-background has-link-color wp-elements-0ad504db34f191c5773c22fa3e5f64a0\"><strong>ALTE PROGRAME \u2013 EDUCA\u021aIE PRIVIND MEDIUL \u0218I SCHIMB\u0102RILE CLIMATICE<\/strong><\/h6>\n<ul class=\"wp-block-list\">\n<li><a href=\"https:\/\/forms.gle\/WC7ad1x5oxizhpXx5\">Dezvoltare durabil\u0103 \u0219i protec\u021bia mediului<\/a><\/li>\n<li><a href=\"https:\/\/forms.gle\/3o3MZ55YqZRnY1Cc6\">Poluarea mediului. metodele de prevenire \u0219i control a polu\u0103rii<\/a><\/li>\n<\/ul>\n<h6 class=\"wp-block-heading has-text-align-center has-vivid-cyan-blue-color has-pale-ocean-gradient-background has-text-color has-background has-link-color wp-elements-2bcc6c5cf059695fa4fbf782e9bbea6d\"><a><strong>ALTE PROGRAME &#8211; PENTRU PERSONALUL&nbsp; DIDACTIC, DIDACTIC AUXILIAR\/ ADUL\u0162I&nbsp; DIN AFARA&nbsp; SISTEMULUI<\/strong><\/a><\/h6>\n<ul class=\"wp-block-list\">\n<li><a href=\"https:\/\/forms.gle\/9c4EWmK8nPmcJwqK6\">Inventarierea&nbsp; patrimoniului \u00een cadrul unei institu\u021bii de \u00eenv\u0103\u021b\u0103m\u00e2nt<\/a><\/li>\n<li><a href=\"https:\/\/forms.gle\/Zjwbpamz5xKXSfD89\">Comunicare \u0219i rela\u021bionare la nivelul compartimentului secretariat<\/a><\/li>\n<li><a href=\"https:\/\/forms.gle\/poau2iu79BagBj6b6\">Strategii de impact \u00een comunicare \u0219i rela\u021bii publice<\/a><\/li>\n<li><a href=\"https:\/\/forms.gle\/1hxUWHKsWRu4aj9m7\">Coaching pentru dezvoltarea profesional\u0103 de succes<\/a><\/li>\n<li><a href=\"https:\/\/forms.gle\/uTfPDy9FnBTkynGn8\">Managementul activit\u0103\u021bii de secretariat<\/a><\/li>\n<\/ul>\n","protected":false},"excerpt":{"rendered":"<p>PROGRAME PRIORITARE ALE MINISTERULUI EDUCA\u021aIEI DIDACTICA SPECIALIT\u0102\u0162II MANAGEMENT EDUCA\u0162IONAL \/ INSTITU\u0162IONAL MANAGEMENT DE PROIECT TIC \u015eI UTILIZAREA CALCULATORULUI EDUCA\u0162IE PENTRU EGALITATEA DE \u015eANSE TEHNICI DOCUMENTARE \u00ceN C.D.I. EDUCA\u0162IE INTERCULTURAL\u0102 EDUCA\u021aIE DURABIL\u0102 ALTE&nbsp; PROGRAME &#8211; EDUCA\u0162IE&nbsp; PENTRU&nbsp; S\u0102N\u0102TATE ALTE&nbsp; PROGRAME \u2013 PSIHOPEDAGOGIE ALTE PROGRAME &#8211; EDUCA\u0162IA ADUL\u0162ILOR ALTE PROGRAME &#8211; LIMBI STR\u0102INE ALTE PROGRAME \u2013 EXTRACURRICULARE&hellip; <a class=\"continue\" href=\"https:\/\/www.ccdneamt.ro\/new\/inscriere-online-oferta-de-programe-de-formare-continua-pentru-anul-scolar-2023-2024\/\">Continue Reading<span> \u00ceNSCRIERE ONLINE ~ OFERTA DE PROGRAME DE FORMARE CONTINU\u0102 pentru anul \u015fcolar 2023 ~ 2024<\/span><\/a><\/p>\n","protected":false},"author":1,"featured_media":7673,"parent":0,"menu_order":0,"comment_status":"closed","ping_status":"closed","template":"","meta":{"footnotes":""},"class_list":["post-8399","page","type-page","status-publish","has-post-thumbnail","hentry"],"_links":{"self":[{"href":"https:\/\/www.ccdneamt.ro\/new\/wp-json\/wp\/v2\/pages\/8399","targetHints":{"allow":["GET"]}}],"collection":[{"href":"https:\/\/www.ccdneamt.ro\/new\/wp-json\/wp\/v2\/pages"}],"about":[{"href":"https:\/\/www.ccdneamt.ro\/new\/wp-json\/wp\/v2\/types\/page"}],"author":[{"embeddable":true,"href":"https:\/\/www.ccdneamt.ro\/new\/wp-json\/wp\/v2\/users\/1"}],"replies":[{"embeddable":true,"href":"https:\/\/www.ccdneamt.ro\/new\/wp-json\/wp\/v2\/comments?post=8399"}],"version-history":[{"count":13,"href":"https:\/\/www.ccdneamt.ro\/new\/wp-json\/wp\/v2\/pages\/8399\/revisions"}],"predecessor-version":[{"id":8428,"href":"https:\/\/www.ccdneamt.ro\/new\/wp-json\/wp\/v2\/pages\/8399\/revisions\/8428"}],"wp:featuredmedia":[{"embeddable":true,"href":"https:\/\/www.ccdneamt.ro\/new\/wp-json\/wp\/v2\/media\/7673"}],"wp:attachment":[{"href":"https:\/\/www.ccdneamt.ro\/new\/wp-json\/wp\/v2\/media?parent=8399"}],"curies":[{"name":"wp","href":"https:\/\/api.w.org\/{rel}","templated":true}]}}