{"id":5819,"date":"2020-06-05T09:53:23","date_gmt":"2020-06-05T07:53:23","guid":{"rendered":"http:\/\/www.ccdneamt.ro\/new\/?page_id=5819"},"modified":"2026-03-30T08:22:21","modified_gmt":"2026-03-30T06:22:21","slug":"inscriere-cursuri","status":"publish","type":"page","link":"https:\/\/www.ccdneamt.ro\/new\/inscriere-cursuri\/","title":{"rendered":"\u00ceNSCRIERE CURSURI"},"content":{"rendered":"<h1 style=\"text-align: center;\"><strong><span style=\"font-size: 16px; font-family: 'book antiqua', palatino; color: #800000;\">IMPORTANT!!!<\/span><\/strong><\/h1>\n<h4><\/h4>\n<h4 class=\"style831\"><span style=\"font-size: 16px; font-family: 'book antiqua', palatino; color: #800000;\"><a style=\"color: #800000;\" href=\"https:\/\/app.sodexo.ro\/mysodexo?productId=181&amp;searchTerm=casa%20cor&amp;currentPage=1&amp;perPage=10&amp;totalPages=1&amp;lat=46.934820794195915&amp;lng=26.378239599999972\" rel=\"attachment wp-att-8250\"><img loading=\"lazy\" decoding=\"async\" class=\"wp-image-8250 aligncenter\" src=\"https:\/\/www.ccdneamt.ro\/new\/wp-content\/uploads\/2011\/09\/Pluxee-CCD-300x144.jpg\" alt=\"\" width=\"624\" height=\"300\" srcset=\"https:\/\/www.ccdneamt.ro\/new\/wp-content\/uploads\/2011\/09\/Pluxee-CCD-300x144.jpg 300w, https:\/\/www.ccdneamt.ro\/new\/wp-content\/uploads\/2011\/09\/Pluxee-CCD-1024x493.jpg 1024w, https:\/\/www.ccdneamt.ro\/new\/wp-content\/uploads\/2011\/09\/Pluxee-CCD-768x370.jpg 768w, https:\/\/www.ccdneamt.ro\/new\/wp-content\/uploads\/2011\/09\/Pluxee-CCD-1536x740.jpg 1536w, https:\/\/www.ccdneamt.ro\/new\/wp-content\/uploads\/2011\/09\/Pluxee-CCD.jpg 1915w\" sizes=\"auto, (max-width: 624px) 100vw, 624px\" \/><\/a><\/span><\/h4>\n<h4><\/h4>\n<h4 class=\"style831\"><span style=\"font-size: 16px; font-family: 'book antiqua', palatino; color: #800000;\">\u00cencep\u00e2nd cu data de\u00a0<strong>15 decembrie 2023<\/strong>, la Casa Corpului Didactic Neam\u0163 se va putea efectua plata taxei de curs aferent\u0103 programelor de formare continu\u0103, utiliz\u00e2nd<strong><u>\u00a0\u0219i<\/u><\/strong>\u00a0<strong><u>Cardul de\u00a0 Prima de carier\u0103 didactic\u0103<\/u><\/strong>.<\/span><\/h4>\n<h4 class=\"style831\" style=\"text-align: left;\"><span style=\"font-size: 16px; font-family: 'book antiqua', palatino; color: #800000;\">Plata se va face prin\u00a0<strong>POS<\/strong>,\u00a0<strong>la sediul C.C.D. Neam\u0163 &#8211; str. Petru Rare\u015f, nr.24 <\/strong>&#8211;\u00a0<strong>Secretariat<\/strong>, de luni p\u00e2n\u0103 joi, interval orar 09.00-15.00.<\/span><\/h4>\n<h4 class=\"style831\"><\/h4>\n<p><strong>MODALITATEA DE \u00ceNSCRIERE LA CURSURILE DE FORMARE ALE C.C.D. NEAMT<\/strong><\/p>\n<p>1. Prin completarea formularelor ata\u0219ate mai jos \u0219i depunerea lor la sediul C.C.D. Neamt (Str. Petru Rares nr. 24, Piatra &#8211; Neamt).<br \/>\n<span style=\"color: #ff6600;\"><a style=\"color: #ff6600;\" href=\"https:\/\/www.ccdneamt.ro\/new\/wp-content\/uploads\/2025\/09\/FORMULAR-INSCRIERE-CURS-ACREDITAT-2025-2026.docx\">FORMULAR-INSCRIERE-CURS-ACREDITAT-2025-2026<\/a><\/span><br \/>\n<span style=\"color: #ff6600;\"> <a style=\"color: #ff6600;\" href=\"https:\/\/www.ccdneamt.ro\/new\/wp-content\/uploads\/2025\/09\/FORMULAR-INSCRIERE-CURS-AVIZAT-2025-2026.docx\" rel=\"attachment wp-att-3862\">FORMULAR_INSCRIERE_CURS_AVIZAT<\/a><\/span><\/p>\n<p><span style=\"color: #339966;\"><a style=\"color: #339966;\" href=\"https:\/\/www.ccdneamt.ro\/new\/wp-content\/uploads\/2019\/06\/GDPR-DECLARATIE-CONSIMTAMANT.docx\" rel=\"attachment wp-att-5459\">GDPR &#8211; DECLARATIE CONSIMTAMANT<\/a><\/span><\/p>\n<p>2. Prin trimiterea formularelor de mai sus completate, semnate \u0219i scanate prin email la adresa ccdneamt@gmail.com sau contact@ccdneamt.ro.<br \/>\n3. Prin trimiterea formularelor de mai sus completate si semnate la nr. fax: 0333.408174<\/p>\n<p>&nbsp;<\/p>\n","protected":false},"excerpt":{"rendered":"<p>IMPORTANT!!! \u00cencep\u00e2nd cu data de\u00a015 decembrie 2023, la Casa Corpului Didactic Neam\u0163 se va putea efectua plata taxei de curs aferent\u0103 programelor de formare continu\u0103, utiliz\u00e2nd\u00a0\u0219i\u00a0Cardul de\u00a0 Prima de carier\u0103 didactic\u0103. Plata se va face prin\u00a0POS,\u00a0la sediul C.C.D. Neam\u0163 &#8211; str. Petru Rare\u015f, nr.24 &#8211;\u00a0Secretariat, de luni p\u00e2n\u0103 joi, interval orar 09.00-15.00. MODALITATEA DE \u00ceNSCRIERE&hellip; <a class=\"continue\" href=\"https:\/\/www.ccdneamt.ro\/new\/inscriere-cursuri\/\">Continue Reading<span> \u00ceNSCRIERE CURSURI<\/span><\/a><\/p>\n","protected":false},"author":1,"featured_media":0,"parent":0,"menu_order":0,"comment_status":"closed","ping_status":"closed","template":"","meta":{"footnotes":""},"class_list":["post-5819","page","type-page","status-publish","hentry"],"_links":{"self":[{"href":"https:\/\/www.ccdneamt.ro\/new\/wp-json\/wp\/v2\/pages\/5819","targetHints":{"allow":["GET"]}}],"collection":[{"href":"https:\/\/www.ccdneamt.ro\/new\/wp-json\/wp\/v2\/pages"}],"about":[{"href":"https:\/\/www.ccdneamt.ro\/new\/wp-json\/wp\/v2\/types\/page"}],"author":[{"embeddable":true,"href":"https:\/\/www.ccdneamt.ro\/new\/wp-json\/wp\/v2\/users\/1"}],"replies":[{"embeddable":true,"href":"https:\/\/www.ccdneamt.ro\/new\/wp-json\/wp\/v2\/comments?post=5819"}],"version-history":[{"count":40,"href":"https:\/\/www.ccdneamt.ro\/new\/wp-json\/wp\/v2\/pages\/5819\/revisions"}],"predecessor-version":[{"id":11621,"href":"https:\/\/www.ccdneamt.ro\/new\/wp-json\/wp\/v2\/pages\/5819\/revisions\/11621"}],"wp:attachment":[{"href":"https:\/\/www.ccdneamt.ro\/new\/wp-json\/wp\/v2\/media?parent=5819"}],"curies":[{"name":"wp","href":"https:\/\/api.w.org\/{rel}","templated":true}]}}